{"id":1306,"date":"2021-02-24T05:26:52","date_gmt":"2021-02-24T05:26:52","guid":{"rendered":"https:\/\/holalara.com\/sobre-mi\/"},"modified":"2023-02-21T13:19:55","modified_gmt":"2023-02-21T13:19:55","slug":"sobre-mi","status":"publish","type":"page","link":"https:\/\/holalara.com\/es\/sobre-mi\/","title":{"rendered":"Sobre m\u00ed"},"content":{"rendered":"\t\t<div data-elementor-type=\"wp-page\" data-elementor-id=\"1306\" class=\"elementor elementor-1306 elementor-534\">\n\t\t\t\t\t\t<section class=\"elementor-section elementor-top-section elementor-element elementor-element-5d9bb80 elementor-section-boxed elementor-section-height-default elementor-section-height-default\" data-id=\"5d9bb80\" data-element_type=\"section\" data-settings=\"{&quot;background_background&quot;:&quot;classic&quot;}\">\n\t\t\t\t\t\t<div class=\"elementor-container elementor-column-gap-no\">\n\t\t\t\t\t<div class=\"elementor-column elementor-col-100 elementor-top-column elementor-element elementor-element-bc8140c\" data-id=\"bc8140c\" data-element_type=\"column\">\n\t\t\t<div class=\"elementor-widget-wrap elementor-element-populated\">\n\t\t\t\t\t\t<div class=\"elementor-element elementor-element-174c92e elementor-widget elementor-widget-heading\" data-id=\"174c92e\" data-element_type=\"widget\" data-widget_type=\"heading.default\">\n\t\t\t\t<div class=\"elementor-widget-container\">\n\t\t\t\t\t<h1 class=\"elementor-heading-title elementor-size-default\">Sobre m\u00ed<\/h1>\t\t\t\t<\/div>\n\t\t\t\t<\/div>\n\t\t\t\t\t<\/div>\n\t\t<\/div>\n\t\t\t\t\t<\/div>\n\t\t<\/section>\n\t\t\t\t<section class=\"elementor-section elementor-top-section elementor-element elementor-element-5d62010 elementor-section-boxed elementor-section-height-default elementor-section-height-default\" data-id=\"5d62010\" data-element_type=\"section\" data-settings=\"{&quot;background_background&quot;:&quot;classic&quot;}\">\n\t\t\t\t\t\t<div class=\"elementor-container elementor-column-gap-no\">\n\t\t\t\t\t<div class=\"elementor-column elementor-col-100 elementor-top-column elementor-element elementor-element-3e0b6ed\" data-id=\"3e0b6ed\" data-element_type=\"column\">\n\t\t\t<div class=\"elementor-widget-wrap elementor-element-populated\">\n\t\t\t\t\t\t<section class=\"elementor-section elementor-inner-section elementor-element elementor-element-fa7ddf3 elementor-section-boxed elementor-section-height-default elementor-section-height-default\" data-id=\"fa7ddf3\" data-element_type=\"section\">\n\t\t\t\t\t\t<div class=\"elementor-container elementor-column-gap-no\">\n\t\t\t\t\t<div class=\"elementor-column elementor-col-50 elementor-inner-column elementor-element elementor-element-220f69c\" data-id=\"220f69c\" data-element_type=\"column\">\n\t\t\t<div class=\"elementor-widget-wrap elementor-element-populated\">\n\t\t\t\t\t\t<div class=\"elementor-element elementor-element-0eec82a elementor-widget elementor-widget-heading\" data-id=\"0eec82a\" data-element_type=\"widget\" data-widget_type=\"heading.default\">\n\t\t\t\t<div class=\"elementor-widget-container\">\n\t\t\t\t\t<h2 class=\"elementor-heading-title elementor-size-default\">Nacida en Barcelona, mis amigos me conocen como Lara.\n\n<\/h2>\t\t\t\t<\/div>\n\t\t\t\t<\/div>\n\t\t\t\t\t<\/div>\n\t\t<\/div>\n\t\t\t\t<div class=\"elementor-column elementor-col-50 elementor-inner-column elementor-element elementor-element-09b0380\" data-id=\"09b0380\" data-element_type=\"column\">\n\t\t\t<div class=\"elementor-widget-wrap elementor-element-populated\">\n\t\t\t\t\t\t<div class=\"elementor-element elementor-element-9c7059c elementor-widget__width-initial elementor-widget elementor-widget-image\" data-id=\"9c7059c\" data-element_type=\"widget\" data-widget_type=\"image.default\">\n\t\t\t\t<div class=\"elementor-widget-container\">\n\t\t\t\t\t\t\t\t\t\t\t\t\t\t\t<img fetchpriority=\"high\" decoding=\"async\" width=\"2560\" height=\"2497\" src=\"https:\/\/holalara.com\/wp-content\/uploads\/2023\/02\/about3-scaled.jpg\" class=\"attachment-full size-full wp-image-1290\" alt=\"\" srcset=\"https:\/\/holalara.com\/wp-content\/uploads\/2023\/02\/about3-scaled.jpg 2560w, https:\/\/holalara.com\/wp-content\/uploads\/2023\/02\/about3-300x293.jpg 300w, https:\/\/holalara.com\/wp-content\/uploads\/2023\/02\/about3-1024x999.jpg 1024w, https:\/\/holalara.com\/wp-content\/uploads\/2023\/02\/about3-768x749.jpg 768w, https:\/\/holalara.com\/wp-content\/uploads\/2023\/02\/about3-1536x1498.jpg 1536w, https:\/\/holalara.com\/wp-content\/uploads\/2023\/02\/about3-2048x1998.jpg 2048w\" sizes=\"(max-width: 2560px) 100vw, 2560px\" \/>\t\t\t\t\t\t\t\t\t\t\t\t\t\t\t<\/div>\n\t\t\t\t<\/div>\n\t\t\t\t\t<\/div>\n\t\t<\/div>\n\t\t\t\t\t<\/div>\n\t\t<\/section>\n\t\t\t\t<div class=\"elementor-element elementor-element-bf5df29 elementor-widget elementor-widget-text-editor\" data-id=\"bf5df29\" data-element_type=\"widget\" data-widget_type=\"text-editor.default\">\n\t\t\t\t<div class=\"elementor-widget-container\">\n\t\t\t\t\t\t\t\t\t<p align=\"left\">Mis estudios de Filolog\u00eda Hisp\u00e1nica y el Certificado de Aptitud para la Ense\u00f1anza del Espa\u00f1ol (CAP), me permitieron dedicarme a mis dos pasiones: Los idiomas y viajar.<\/p>\n<p align=\"left\">Obtuve una beca para dar clases en una escuela alemana de ense\u00f1anza secundaria, y luego continu\u00e9 en el Centro de Idiomas de la Universidad de Hohenheim (Stuttgart), el Imperial College (Londres) y el Instituto Cervantes (Londres).<\/p>\n<p align=\"left\">Cuando volv\u00ed a Barcelona, empec\u00e9 a ense\u00f1ar espa\u00f1ol a estudiantes de MBA en la universidad IESE (Barcelona).<\/p>\n<p align=\"left\">Deseosa de poder ense\u00f1ar tanto espa\u00f1ol como ingl\u00e9s, tambi\u00e9n obtuve una certificaci\u00f3n CELTYL que me permite ense\u00f1ar ingl\u00e9s a alumnos j\u00f3venes. Con esta certificaci\u00f3n, no s\u00f3lo aprend\u00ed a ense\u00f1ar ingl\u00e9s, sino que tambi\u00e9n adquir\u00ed una nueva perspectiva sobre c\u00f3mo ense\u00f1ar un idioma a estudiantes m\u00e1s j\u00f3venes.<\/p>\n<p align=\"left\">Posteriormente he realizado otros cursos y certificaciones, especializ\u00e1ndome en la Ense\u00f1anza del Espa\u00f1ol de los Negocios y en la ense\u00f1anza general. La mejora continua de mis habilidades docentes es un objetivo permanente.<\/p>\n\t\t\t\t\t\t\t\t<\/div>\n\t\t\t\t<\/div>\n\t\t\t\t<section class=\"elementor-section elementor-inner-section elementor-element elementor-element-ea314a8 elementor-section-content-middle elementor-section-boxed elementor-section-height-default elementor-section-height-default\" data-id=\"ea314a8\" data-element_type=\"section\">\n\t\t\t\t\t\t<div class=\"elementor-container elementor-column-gap-no\">\n\t\t\t\t\t<div class=\"elementor-column elementor-col-50 elementor-inner-column elementor-element elementor-element-dd8cd84\" data-id=\"dd8cd84\" data-element_type=\"column\">\n\t\t\t<div class=\"elementor-widget-wrap elementor-element-populated\">\n\t\t\t\t\t\t<div class=\"elementor-element elementor-element-88e7597 elementor-widget elementor-widget-image\" data-id=\"88e7597\" data-element_type=\"widget\" data-widget_type=\"image.default\">\n\t\t\t\t<div class=\"elementor-widget-container\">\n\t\t\t\t\t\t\t\t\t\t\t\t\t\t\t<img decoding=\"async\" width=\"2560\" height=\"1706\" src=\"https:\/\/holalara.com\/wp-content\/uploads\/2023\/02\/female-hands-typing-on-computer-keyboard-scaled.jpg\" class=\"attachment-full size-full wp-image-1294\" alt=\"\" srcset=\"https:\/\/holalara.com\/wp-content\/uploads\/2023\/02\/female-hands-typing-on-computer-keyboard-scaled.jpg 2560w, https:\/\/holalara.com\/wp-content\/uploads\/2023\/02\/female-hands-typing-on-computer-keyboard-300x200.jpg 300w, https:\/\/holalara.com\/wp-content\/uploads\/2023\/02\/female-hands-typing-on-computer-keyboard-1024x683.jpg 1024w, https:\/\/holalara.com\/wp-content\/uploads\/2023\/02\/female-hands-typing-on-computer-keyboard-768x512.jpg 768w, https:\/\/holalara.com\/wp-content\/uploads\/2023\/02\/female-hands-typing-on-computer-keyboard-1536x1024.jpg 1536w, https:\/\/holalara.com\/wp-content\/uploads\/2023\/02\/female-hands-typing-on-computer-keyboard-2048x1365.jpg 2048w\" sizes=\"(max-width: 2560px) 100vw, 2560px\" \/>\t\t\t\t\t\t\t\t\t\t\t\t\t\t\t<\/div>\n\t\t\t\t<\/div>\n\t\t\t\t\t<\/div>\n\t\t<\/div>\n\t\t\t\t<div class=\"elementor-column elementor-col-50 elementor-inner-column elementor-element elementor-element-b1b0d3c\" data-id=\"b1b0d3c\" data-element_type=\"column\">\n\t\t\t<div class=\"elementor-widget-wrap elementor-element-populated\">\n\t\t\t\t\t\t<div class=\"elementor-element elementor-element-171b685 elementor-view-default elementor-widget elementor-widget-icon\" data-id=\"171b685\" data-element_type=\"widget\" data-widget_type=\"icon.default\">\n\t\t\t\t<div class=\"elementor-widget-container\">\n\t\t\t\t\t\t\t<div class=\"elementor-icon-wrapper\">\n\t\t\t<div class=\"elementor-icon\">\n\t\t\t<i aria-hidden=\"true\" class=\"fas fa-quote-right\"><\/i>\t\t\t<\/div>\n\t\t<\/div>\n\t\t\t\t\t\t<\/div>\n\t\t\t\t<\/div>\n\t\t\t\t<div class=\"elementor-element elementor-element-e316f28 elementor-widget elementor-widget-heading\" data-id=\"e316f28\" data-element_type=\"widget\" data-widget_type=\"heading.default\">\n\t\t\t\t<div class=\"elementor-widget-container\">\n\t\t\t\t\t<h3 class=\"elementor-heading-title elementor-size-default\">Ense\u00f1ar es mi pasi\u00f3n,\ny ayudarte a aprender\nmi lengua materna\nme produce una gran satisfacci\u00f3n.<\/h3>\t\t\t\t<\/div>\n\t\t\t\t<\/div>\n\t\t\t\t<div class=\"elementor-element elementor-element-9355ec6 elementor-widget elementor-widget-heading\" data-id=\"9355ec6\" data-element_type=\"widget\" data-widget_type=\"heading.default\">\n\t\t\t\t<div class=\"elementor-widget-container\">\n\t\t\t\t\t<h3 class=\"elementor-heading-title elementor-size-default\">\u00a1venga!<br>\n\u00bfte animas?<\/h3>\t\t\t\t<\/div>\n\t\t\t\t<\/div>\n\t\t\t\t<div class=\"elementor-element elementor-element-fca16d6 elementor-widget elementor-widget-button\" data-id=\"fca16d6\" data-element_type=\"widget\" data-widget_type=\"button.default\">\n\t\t\t\t<div class=\"elementor-widget-container\">\n\t\t\t\t\t\t\t\t\t<div class=\"elementor-button-wrapper\">\n\t\t\t\t\t<a class=\"elementor-button elementor-button-link elementor-size-sm\" href=\"https:\/\/holalara.com\/contact\/\">\n\t\t\t\t\t\t<span class=\"elementor-button-content-wrapper\">\n\t\t\t\t\t\t<span class=\"elementor-button-icon\">\n\t\t\t\t<svg xmlns=\"http:\/\/www.w3.org\/2000\/svg\" viewBox=\"0 0 2048 2048\"><path d=\"M6.125 1088h1797.89l-402.976 403 89.994 90L2048 1024l-556.966-557-89.994 90 402.976 403H6.125v128z\"><\/path><\/svg>\t\t\t<\/span>\n\t\t\t\t\t\t\t\t\t<span class=\"elementor-button-text\">\u00a1Consulta ahora!<\/span>\n\t\t\t\t\t<\/span>\n\t\t\t\t\t<\/a>\n\t\t\t\t<\/div>\n\t\t\t\t\t\t\t\t<\/div>\n\t\t\t\t<\/div>\n\t\t\t\t\t<\/div>\n\t\t<\/div>\n\t\t\t\t\t<\/div>\n\t\t<\/section>\n\t\t\t\t\t<\/div>\n\t\t<\/div>\n\t\t\t\t\t<\/div>\n\t\t<\/section>\n\t\t\t\t<section class=\"elementor-section elementor-top-section elementor-element elementor-element-283231df elementor-section-boxed elementor-section-height-default elementor-section-height-default\" data-id=\"283231df\" data-element_type=\"section\" data-settings=\"{&quot;background_background&quot;:&quot;classic&quot;}\">\n\t\t\t\t\t\t<div class=\"elementor-container elementor-column-gap-no\">\n\t\t\t\t\t<div class=\"elementor-column elementor-col-100 elementor-top-column elementor-element elementor-element-20ea923d\" data-id=\"20ea923d\" data-element_type=\"column\">\n\t\t\t<div class=\"elementor-widget-wrap elementor-element-populated\">\n\t\t\t\t\t\t<section class=\"elementor-section elementor-inner-section elementor-element elementor-element-67aacdf6 elementor-section-boxed elementor-section-height-default elementor-section-height-default\" data-id=\"67aacdf6\" data-element_type=\"section\" data-settings=\"{&quot;background_background&quot;:&quot;classic&quot;}\">\n\t\t\t\t\t\t<div class=\"elementor-container elementor-column-gap-no\">\n\t\t\t\t\t<div class=\"elementor-column elementor-col-66 elementor-inner-column elementor-element elementor-element-50974af\" data-id=\"50974af\" data-element_type=\"column\">\n\t\t\t<div class=\"elementor-widget-wrap elementor-element-populated\">\n\t\t\t\t\t\t<div class=\"elementor-element elementor-element-2ed74528 elementor-widget elementor-widget-heading\" data-id=\"2ed74528\" data-element_type=\"widget\" data-widget_type=\"heading.default\">\n\t\t\t\t<div class=\"elementor-widget-container\">\n\t\t\t\t\t<h2 class=\"elementor-heading-title elementor-size-default\">TESTIMONIOS<\/h2>\t\t\t\t<\/div>\n\t\t\t\t<\/div>\n\t\t\t\t\t<\/div>\n\t\t<\/div>\n\t\t\t\t<div class=\"elementor-column elementor-col-33 elementor-inner-column elementor-element elementor-element-6f7fe27e\" data-id=\"6f7fe27e\" data-element_type=\"column\">\n\t\t\t<div class=\"elementor-widget-wrap elementor-element-populated\">\n\t\t\t\t\t\t<div class=\"elementor-element elementor-element-7527c390 elementor-view-default elementor-widget elementor-widget-icon\" data-id=\"7527c390\" data-element_type=\"widget\" data-widget_type=\"icon.default\">\n\t\t\t\t<div class=\"elementor-widget-container\">\n\t\t\t\t\t\t\t<div class=\"elementor-icon-wrapper\">\n\t\t\t<div class=\"elementor-icon\">\n\t\t\t<i aria-hidden=\"true\" class=\"fas fa-quote-right\"><\/i>\t\t\t<\/div>\n\t\t<\/div>\n\t\t\t\t\t\t<\/div>\n\t\t\t\t<\/div>\n\t\t\t\t\t<\/div>\n\t\t<\/div>\n\t\t\t\t\t<\/div>\n\t\t<\/section>\n\t\t\t\t<section class=\"elementor-section elementor-inner-section elementor-element elementor-element-5f2a508a elementor-section-boxed elementor-section-height-default elementor-section-height-default\" data-id=\"5f2a508a\" data-element_type=\"section\">\n\t\t\t\t\t\t<div class=\"elementor-container elementor-column-gap-no\">\n\t\t\t\t\t<div class=\"elementor-column elementor-col-33 elementor-inner-column elementor-element elementor-element-331309a4\" data-id=\"331309a4\" data-element_type=\"column\" data-settings=\"{&quot;background_background&quot;:&quot;classic&quot;}\">\n\t\t\t<div class=\"elementor-widget-wrap elementor-element-populated\">\n\t\t\t\t\t\t<div class=\"elementor-element elementor-element-5d0fd871 elementor-vertical-align-top elementor-widget elementor-widget-image-box\" data-id=\"5d0fd871\" data-element_type=\"widget\" data-widget_type=\"image-box.default\">\n\t\t\t\t<div class=\"elementor-widget-container\">\n\t\t\t\t\t<div class=\"elementor-image-box-wrapper\"><div class=\"elementor-image-box-content\"><div class=\"elementor-image-box-title\">\u201cWir danken Frau Mart\u00ednez f\u00fcr ihre Mitarbeit, die sehr gute Zusammenarbeit und die hohe Qualit\u00e4t ihres Unterrichts.\u201d<\/div><p class=\"elementor-image-box-description\">Beate L\u00f6h (Sprachenzentrum, Universit\u00e4t Hohenheim)<\/p><\/div><\/div>\t\t\t\t<\/div>\n\t\t\t\t<\/div>\n\t\t\t\t\t<\/div>\n\t\t<\/div>\n\t\t\t\t<div class=\"elementor-column elementor-col-33 elementor-inner-column elementor-element elementor-element-746a3daa\" data-id=\"746a3daa\" data-element_type=\"column\" data-settings=\"{&quot;background_background&quot;:&quot;classic&quot;}\">\n\t\t\t<div class=\"elementor-widget-wrap elementor-element-populated\">\n\t\t\t\t\t\t<div class=\"elementor-element elementor-element-2a33f9a4 elementor-vertical-align-top elementor-widget elementor-widget-image-box\" data-id=\"2a33f9a4\" data-element_type=\"widget\" data-widget_type=\"image-box.default\">\n\t\t\t\t<div class=\"elementor-widget-container\">\n\t\t\t\t\t<div class=\"elementor-image-box-wrapper\"><div class=\"elementor-image-box-content\"><div class=\"elementor-image-box-title\">\u201cLara ha obtenido siempre excelentes resultados en las evaluaciones de los alumnos. Asimismo cabe destacar su gran dedicaci\u00f3n en lo que concierne a su formaci\u00f3n te\u00f3rica y pr\u00e1ctica en el campo de la ense\u00f1anza del espa\u00f1ol como lengua extranjera\u201d<\/div><p class=\"elementor-image-box-description\">Montserrat Aguirre Pla-Giribert (Instituto Cervantes Londres)<\/p><\/div><\/div>\t\t\t\t<\/div>\n\t\t\t\t<\/div>\n\t\t\t\t\t<\/div>\n\t\t<\/div>\n\t\t\t\t<div class=\"elementor-column elementor-col-33 elementor-inner-column elementor-element elementor-element-6f361426\" data-id=\"6f361426\" data-element_type=\"column\" data-settings=\"{&quot;background_background&quot;:&quot;classic&quot;}\">\n\t\t\t<div class=\"elementor-widget-wrap elementor-element-populated\">\n\t\t\t\t\t\t<div class=\"elementor-element elementor-element-4e401790 elementor-vertical-align-top elementor-widget elementor-widget-image-box\" data-id=\"4e401790\" data-element_type=\"widget\" data-widget_type=\"image-box.default\">\n\t\t\t\t<div class=\"elementor-widget-container\">\n\t\t\t\t\t<div class=\"elementor-image-box-wrapper\"><div class=\"elementor-image-box-content\"><div class=\"elementor-image-box-title\">\u201cLara has proved a valuable and versatile member of the Spanish team, working with enthusiasm, cheerfulness and commitment. She has got on extremely well with her students, with whom she has achieved an excellent standard of work.\u201d<\/div><p class=\"elementor-image-box-description\">Charmian Brinson, M.A.Ph.D. Imperial College London<\/p><\/div><\/div>\t\t\t\t<\/div>\n\t\t\t\t<\/div>\n\t\t\t\t\t<\/div>\n\t\t<\/div>\n\t\t\t\t\t<\/div>\n\t\t<\/section>\n\t\t\t\t\t<\/div>\n\t\t<\/div>\n\t\t\t\t\t<\/div>\n\t\t<\/section>\n\t\t\t\t<\/div>\n\t\t","protected":false},"excerpt":{"rendered":"<p>Sobre m\u00ed Nacida en Barcelona, mis amigos me conocen como Lara. Mis estudios de Filolog\u00eda Hisp\u00e1nica y el Certificado de Aptitud para la Ense\u00f1anza del Espa\u00f1ol (CAP), me permitieron dedicarme a mis dos pasiones: Los idiomas y viajar. Obtuve una beca para dar clases en una escuela alemana de ense\u00f1anza secundaria, y luego continu\u00e9 en [&hellip;]<\/p>\n","protected":false},"author":1,"featured_media":0,"parent":0,"menu_order":0,"comment_status":"closed","ping_status":"closed","template":"","meta":{"site-sidebar-layout":"no-sidebar","site-content-layout":"page-builder","ast-site-content-layout":"","site-content-style":"default","site-sidebar-style":"default","ast-global-header-display":"","ast-banner-title-visibility":"","ast-main-header-display":"","ast-hfb-above-header-display":"","ast-hfb-below-header-display":"","ast-hfb-mobile-header-display":"","site-post-title":"disabled","ast-breadcrumbs-content":"","ast-featured-img":"disabled","footer-sml-layout":"","theme-transparent-header-meta":"enabled","adv-header-id-meta":"","stick-header-meta":"","header-above-stick-meta":"","header-main-stick-meta":"","header-below-stick-meta":"","astra-migrate-meta-layouts":"default","ast-page-background-enabled":"default","ast-page-background-meta":{"desktop":{"background-color":"","background-image":"","background-repeat":"repeat","background-position":"center center","background-size":"auto","background-attachment":"scroll","background-type":"","background-media":"","overlay-type":"","overlay-color":"","overlay-opacity":"","overlay-gradient":""},"tablet":{"background-color":"","background-image":"","background-repeat":"repeat","background-position":"center center","background-size":"auto","background-attachment":"scroll","background-type":"","background-media":"","overlay-type":"","overlay-color":"","overlay-opacity":"","overlay-gradient":""},"mobile":{"background-color":"","background-image":"","background-repeat":"repeat","background-position":"center center","background-size":"auto","background-attachment":"scroll","background-type":"","background-media":"","overlay-type":"","overlay-color":"","overlay-opacity":"","overlay-gradient":""}},"ast-content-background-meta":{"desktop":{"background-color":"var(--ast-global-color-5)","background-image":"","background-repeat":"repeat","background-position":"center center","background-size":"auto","background-attachment":"scroll","background-type":"","background-media":"","overlay-type":"","overlay-color":"","overlay-opacity":"","overlay-gradient":""},"tablet":{"background-color":"var(--ast-global-color-5)","background-image":"","background-repeat":"repeat","background-position":"center center","background-size":"auto","background-attachment":"scroll","background-type":"","background-media":"","overlay-type":"","overlay-color":"","overlay-opacity":"","overlay-gradient":""},"mobile":{"background-color":"var(--ast-global-color-5)","background-image":"","background-repeat":"repeat","background-position":"center center","background-size":"auto","background-attachment":"scroll","background-type":"","background-media":"","overlay-type":"","overlay-color":"","overlay-opacity":"","overlay-gradient":""}},"footnotes":""},"class_list":["post-1306","page","type-page","status-publish","hentry"],"_links":{"self":[{"href":"https:\/\/holalara.com\/es\/wp-json\/wp\/v2\/pages\/1306","targetHints":{"allow":["GET"]}}],"collection":[{"href":"https:\/\/holalara.com\/es\/wp-json\/wp\/v2\/pages"}],"about":[{"href":"https:\/\/holalara.com\/es\/wp-json\/wp\/v2\/types\/page"}],"author":[{"embeddable":true,"href":"https:\/\/holalara.com\/es\/wp-json\/wp\/v2\/users\/1"}],"replies":[{"embeddable":true,"href":"https:\/\/holalara.com\/es\/wp-json\/wp\/v2\/comments?post=1306"}],"version-history":[{"count":1,"href":"https:\/\/holalara.com\/es\/wp-json\/wp\/v2\/pages\/1306\/revisions"}],"predecessor-version":[{"id":1307,"href":"https:\/\/holalara.com\/es\/wp-json\/wp\/v2\/pages\/1306\/revisions\/1307"}],"wp:attachment":[{"href":"https:\/\/holalara.com\/es\/wp-json\/wp\/v2\/media?parent=1306"}],"curies":[{"name":"wp","href":"https:\/\/api.w.org\/{rel}","templated":true}]}}